{"id":845,"date":"2019-06-22T21:53:42","date_gmt":"2019-06-22T21:53:42","guid":{"rendered":"http:\/\/qualityhome.ee\/services\/"},"modified":"2021-05-11T20:01:14","modified_gmt":"2021-05-11T20:01:14","slug":"services","status":"publish","type":"page","link":"https:\/\/qualityhome.ee\/en\/services\/","title":{"rendered":"Services"},"content":{"rendered":"\n\t\t\t<h1>We have experience in different types of finishing areas.<\/h1>\t\t\t\n\t<h2>\n\t\t\t\tOUR SERVICES\n\t\t\t<\/h2>\n\t\t\t\t<img decoding=\"async\" src=\"http:\/\/qualityhome.ee\/wp-content\/uploads\/2017\/09\/icon1_siseviimistlus.png\" alt=\"Siseviimistlus\" title=\"Siseviimistlus\" itemprop=\"image\"\/>\n\t\t<h3>INTERIOR FINISHING<\/h3>\t\t\t\n\t\t\t\t<img decoding=\"async\" src=\"http:\/\/qualityhome.ee\/wp-content\/uploads\/2017\/09\/icon2_varvimistood-1.png\" alt=\"V\u00e4rvimist\u00f6\u00f6d\" title=\"V\u00e4rvimist\u00f6\u00f6d\" itemprop=\"image\"\/>\n\t\t<h3>PAINTING<\/h3>\t\t\t\n\t\t\t\t<img decoding=\"async\" src=\"http:\/\/qualityhome.ee\/wp-content\/uploads\/2017\/09\/icon6_valisviimistlus.png\" alt=\"V\u00e4lisviimistlus\" title=\"V\u00e4lisviimistlus\" itemprop=\"image\"\/>\n\t\t<h3>EXTERNAL FINISHING<\/h3>\t\t\t\n\t\t\t\t<img decoding=\"async\" src=\"http:\/\/qualityhome.ee\/wp-content\/uploads\/2017\/09\/icon7_krohvimine.png\" alt=\"Krohvimine\" title=\"Krohvimine\" itemprop=\"image\"\/>\n\t\t<h3>PLASTERING<\/h3>\t\t\t\n","protected":false},"excerpt":{"rendered":"<p>We have experience in different types of finishing areas. OUR SERVICES INTERIOR FINISHING PAINTING EXTERNAL FINISHING PLASTERING<\/p>\n","protected":false},"author":1,"featured_media":0,"parent":0,"menu_order":0,"comment_status":"closed","ping_status":"closed","template":"","meta":{"footnotes":""},"class_list":["post-845","page","type-page","status-publish","hentry"],"yoast_head":"<!-- This site is optimized with the Yoast SEO plugin v27.4 - https:\/\/yoast.com\/product\/yoast-seo-wordpress\/ -->\n<title>Services - QualityHome<\/title>\n<meta name=\"robots\" content=\"index, follow, max-snippet:-1, max-image-preview:large, max-video-preview:-1\" \/>\n<link rel=\"canonical\" href=\"https:\/\/qualityhome.ee\/en\/services\/\" \/>\n<meta property=\"og:locale\" content=\"en_US\" \/>\n<meta property=\"og:type\" content=\"article\" \/>\n<meta property=\"og:title\" content=\"Services - QualityHome\" \/>\n<meta property=\"og:description\" content=\"We have experience in different types of finishing areas. OUR SERVICES INTERIOR FINISHING PAINTING EXTERNAL FINISHING PLASTERING\" \/>\n<meta property=\"og:url\" content=\"https:\/\/qualityhome.ee\/en\/services\/\" \/>\n<meta property=\"og:site_name\" content=\"QualityHome\" \/>\n<meta property=\"article:modified_time\" content=\"2021-05-11T20:01:14+00:00\" \/>\n<meta property=\"og:image\" content=\"http:\/\/qualityhome.ee\/wp-content\/uploads\/2017\/09\/icon1_siseviimistlus.png\" \/>\n<meta name=\"twitter:card\" content=\"summary_large_image\" \/>\n<script type=\"application\/ld+json\" class=\"yoast-schema-graph\">{\"@context\":\"https:\\\/\\\/schema.org\",\"@graph\":[{\"@type\":\"WebPage\",\"@id\":\"https:\\\/\\\/qualityhome.ee\\\/en\\\/services\\\/\",\"url\":\"https:\\\/\\\/qualityhome.ee\\\/en\\\/services\\\/\",\"name\":\"Services - QualityHome\",\"isPartOf\":{\"@id\":\"https:\\\/\\\/qualityhome.ee\\\/en\\\/#website\"},\"primaryImageOfPage\":{\"@id\":\"https:\\\/\\\/qualityhome.ee\\\/en\\\/services\\\/#primaryimage\"},\"image\":{\"@id\":\"https:\\\/\\\/qualityhome.ee\\\/en\\\/services\\\/#primaryimage\"},\"thumbnailUrl\":\"http:\\\/\\\/qualityhome.ee\\\/wp-content\\\/uploads\\\/2017\\\/09\\\/icon1_siseviimistlus.png\",\"datePublished\":\"2019-06-22T21:53:42+00:00\",\"dateModified\":\"2021-05-11T20:01:14+00:00\",\"breadcrumb\":{\"@id\":\"https:\\\/\\\/qualityhome.ee\\\/en\\\/services\\\/#breadcrumb\"},\"inLanguage\":\"en-US\",\"potentialAction\":[{\"@type\":\"ReadAction\",\"target\":[\"https:\\\/\\\/qualityhome.ee\\\/en\\\/services\\\/\"]}]},{\"@type\":\"ImageObject\",\"inLanguage\":\"en-US\",\"@id\":\"https:\\\/\\\/qualityhome.ee\\\/en\\\/services\\\/#primaryimage\",\"url\":\"http:\\\/\\\/qualityhome.ee\\\/wp-content\\\/uploads\\\/2017\\\/09\\\/icon1_siseviimistlus.png\",\"contentUrl\":\"http:\\\/\\\/qualityhome.ee\\\/wp-content\\\/uploads\\\/2017\\\/09\\\/icon1_siseviimistlus.png\"},{\"@type\":\"BreadcrumbList\",\"@id\":\"https:\\\/\\\/qualityhome.ee\\\/en\\\/services\\\/#breadcrumb\",\"itemListElement\":[{\"@type\":\"ListItem\",\"position\":1,\"name\":\"Home\",\"item\":\"https:\\\/\\\/qualityhome.ee\\\/en\\\/\"},{\"@type\":\"ListItem\",\"position\":2,\"name\":\"Services\"}]},{\"@type\":\"WebSite\",\"@id\":\"https:\\\/\\\/qualityhome.ee\\\/en\\\/#website\",\"url\":\"https:\\\/\\\/qualityhome.ee\\\/en\\\/\",\"name\":\"QualityHome\",\"description\":\"Kvaliteetsed siseviimistlus- ja v\u00e4lisviimistlusteenused koju v\u00f5i kontorisse.\",\"potentialAction\":[{\"@type\":\"SearchAction\",\"target\":{\"@type\":\"EntryPoint\",\"urlTemplate\":\"https:\\\/\\\/qualityhome.ee\\\/en\\\/?s={search_term_string}\"},\"query-input\":{\"@type\":\"PropertyValueSpecification\",\"valueRequired\":true,\"valueName\":\"search_term_string\"}}],\"inLanguage\":\"en-US\"}]}<\/script>\n<!-- \/ Yoast SEO plugin. -->","yoast_head_json":{"title":"Services - QualityHome","robots":{"index":"index","follow":"follow","max-snippet":"max-snippet:-1","max-image-preview":"max-image-preview:large","max-video-preview":"max-video-preview:-1"},"canonical":"https:\/\/qualityhome.ee\/en\/services\/","og_locale":"en_US","og_type":"article","og_title":"Services - QualityHome","og_description":"We have experience in different types of finishing areas. OUR SERVICES INTERIOR FINISHING PAINTING EXTERNAL FINISHING PLASTERING","og_url":"https:\/\/qualityhome.ee\/en\/services\/","og_site_name":"QualityHome","article_modified_time":"2021-05-11T20:01:14+00:00","og_image":[{"url":"http:\/\/qualityhome.ee\/wp-content\/uploads\/2017\/09\/icon1_siseviimistlus.png","type":"","width":"","height":""}],"twitter_card":"summary_large_image","schema":{"@context":"https:\/\/schema.org","@graph":[{"@type":"WebPage","@id":"https:\/\/qualityhome.ee\/en\/services\/","url":"https:\/\/qualityhome.ee\/en\/services\/","name":"Services - QualityHome","isPartOf":{"@id":"https:\/\/qualityhome.ee\/en\/#website"},"primaryImageOfPage":{"@id":"https:\/\/qualityhome.ee\/en\/services\/#primaryimage"},"image":{"@id":"https:\/\/qualityhome.ee\/en\/services\/#primaryimage"},"thumbnailUrl":"http:\/\/qualityhome.ee\/wp-content\/uploads\/2017\/09\/icon1_siseviimistlus.png","datePublished":"2019-06-22T21:53:42+00:00","dateModified":"2021-05-11T20:01:14+00:00","breadcrumb":{"@id":"https:\/\/qualityhome.ee\/en\/services\/#breadcrumb"},"inLanguage":"en-US","potentialAction":[{"@type":"ReadAction","target":["https:\/\/qualityhome.ee\/en\/services\/"]}]},{"@type":"ImageObject","inLanguage":"en-US","@id":"https:\/\/qualityhome.ee\/en\/services\/#primaryimage","url":"http:\/\/qualityhome.ee\/wp-content\/uploads\/2017\/09\/icon1_siseviimistlus.png","contentUrl":"http:\/\/qualityhome.ee\/wp-content\/uploads\/2017\/09\/icon1_siseviimistlus.png"},{"@type":"BreadcrumbList","@id":"https:\/\/qualityhome.ee\/en\/services\/#breadcrumb","itemListElement":[{"@type":"ListItem","position":1,"name":"Home","item":"https:\/\/qualityhome.ee\/en\/"},{"@type":"ListItem","position":2,"name":"Services"}]},{"@type":"WebSite","@id":"https:\/\/qualityhome.ee\/en\/#website","url":"https:\/\/qualityhome.ee\/en\/","name":"QualityHome","description":"Kvaliteetsed siseviimistlus- ja v\u00e4lisviimistlusteenused koju v\u00f5i kontorisse.","potentialAction":[{"@type":"SearchAction","target":{"@type":"EntryPoint","urlTemplate":"https:\/\/qualityhome.ee\/en\/?s={search_term_string}"},"query-input":{"@type":"PropertyValueSpecification","valueRequired":true,"valueName":"search_term_string"}}],"inLanguage":"en-US"}]}},"_links":{"self":[{"href":"https:\/\/qualityhome.ee\/en\/wp-json\/wp\/v2\/pages\/845","targetHints":{"allow":["GET"]}}],"collection":[{"href":"https:\/\/qualityhome.ee\/en\/wp-json\/wp\/v2\/pages"}],"about":[{"href":"https:\/\/qualityhome.ee\/en\/wp-json\/wp\/v2\/types\/page"}],"author":[{"embeddable":true,"href":"https:\/\/qualityhome.ee\/en\/wp-json\/wp\/v2\/users\/1"}],"replies":[{"embeddable":true,"href":"https:\/\/qualityhome.ee\/en\/wp-json\/wp\/v2\/comments?post=845"}],"version-history":[{"count":2,"href":"https:\/\/qualityhome.ee\/en\/wp-json\/wp\/v2\/pages\/845\/revisions"}],"predecessor-version":[{"id":985,"href":"https:\/\/qualityhome.ee\/en\/wp-json\/wp\/v2\/pages\/845\/revisions\/985"}],"wp:attachment":[{"href":"https:\/\/qualityhome.ee\/en\/wp-json\/wp\/v2\/media?parent=845"}],"curies":[{"name":"wp","href":"https:\/\/api.w.org\/{rel}","templated":true}]}}