{"id":886,"date":"2019-06-22T23:30:17","date_gmt":"2019-06-22T23:30:17","guid":{"rendered":"http:\/\/qualityhome.ee\/completed-works\/2018-2\/"},"modified":"2020-05-14T21:58:28","modified_gmt":"2020-05-14T21:58:28","slug":"2018-2","status":"publish","type":"page","link":"https:\/\/qualityhome.ee\/en\/completed-works\/2018-2\/","title":{"rendered":"2018"},"content":{"rendered":"\n\t<h2>\n\t\t\t\tCOMPLETED WORKS &#8211; 2018\n\t\t\t<\/h2>\n\t<div id=\"Block_wpape_gallery_69e0e797ca31d\" style=\"width:100%; display: none;\"><div id=\"wpape_gallery_69e0e797ca31d\" data-options=\"wpape_gallery_69e0e797ca31d\" style=\"width:100%;\" class=\"wpape_gallery\"><div class=\"wpape-img category583\" ><div class=\"wpape-img-image  wpape-lightbox\"  ><div data-thumbnail=\"https:\/\/qualityhome.ee\/wp-content\/uploads\/2019\/06\/IMG_2396_2018-500x500.jpg\" title=\"Vilmsi\" data-width=\"500\" data-height=\"500\" ><\/div><div data-popup=\"https:\/\/qualityhome.ee\/wp-content\/uploads\/2019\/06\/IMG_2396_2018.jpg\"  title=\"Vilmsi\"><\/div><div class=\"thumbnail-overlay\"><div class=\"wpapeIcons\"><i class=\"fa fa-search wpapeZoomIcon \" ><\/i><\/div><\/div><\/div><\/div><div class=\"wpape-img category583\" ><div class=\"wpape-img-image  wpape-lightbox\"  ><div data-thumbnail=\"https:\/\/qualityhome.ee\/wp-content\/uploads\/2019\/06\/IMG_2397-500x500.jpg\" title=\"Vilmsi\" data-width=\"500\" data-height=\"500\" ><\/div><div data-popup=\"https:\/\/qualityhome.ee\/wp-content\/uploads\/2019\/06\/IMG_2397.jpg\"  title=\"Vilmsi\"><\/div><div class=\"thumbnail-overlay\"><div class=\"wpapeIcons\"><i class=\"fa fa-search wpapeZoomIcon \" ><\/i><\/div><\/div><\/div><\/div><div class=\"wpape-img category583\" ><div class=\"wpape-img-image  wpape-lightbox\"  ><div data-thumbnail=\"https:\/\/qualityhome.ee\/wp-content\/uploads\/2019\/06\/IMG_2398-500x500.jpg\" title=\"Vilmsi\" data-width=\"500\" data-height=\"500\" ><\/div><div data-popup=\"https:\/\/qualityhome.ee\/wp-content\/uploads\/2019\/06\/IMG_2398.jpg\"  title=\"Vilmsi\"><\/div><div class=\"thumbnail-overlay\"><div class=\"wpapeIcons\"><i class=\"fa fa-search wpapeZoomIcon \" ><\/i><\/div><\/div><\/div><\/div><div class=\"wpape-img category583\" ><div class=\"wpape-img-image  wpape-lightbox\"  ><div data-thumbnail=\"https:\/\/qualityhome.ee\/wp-content\/uploads\/2019\/06\/IMG_2389-e1560157435325-500x500.jpg\" title=\"Vilmsi\" data-width=\"500\" data-height=\"500\" ><\/div><div data-popup=\"https:\/\/qualityhome.ee\/wp-content\/uploads\/2019\/06\/IMG_2389-e1560157435325.jpg\"  title=\"Vilmsi\"><\/div><div class=\"thumbnail-overlay\"><div class=\"wpapeIcons\"><i class=\"fa fa-search wpapeZoomIcon \" ><\/i><\/div><\/div><\/div><\/div><div class=\"wpape-img category583\" ><div class=\"wpape-img-image  wpape-lightbox\"  ><div data-thumbnail=\"https:\/\/qualityhome.ee\/wp-content\/uploads\/2019\/06\/IMG_2402-e1560157647991-500x500.jpg\" title=\"Vilmsi\" data-width=\"500\" data-height=\"500\" ><\/div><div data-popup=\"https:\/\/qualityhome.ee\/wp-content\/uploads\/2019\/06\/IMG_2402-e1560157647991.jpg\"  title=\"Vilmsi\"><\/div><div class=\"thumbnail-overlay\"><div class=\"wpapeIcons\"><i class=\"fa fa-search wpapeZoomIcon \" ><\/i><\/div><\/div><\/div><\/div><div class=\"wpape-img category583\" ><div class=\"wpape-img-image  wpape-lightbox\"  ><div data-thumbnail=\"https:\/\/qualityhome.ee\/wp-content\/uploads\/2019\/06\/IMG_1385-e1560157942721-500x500.jpg\" title=\"Vilmsi\" data-width=\"500\" data-height=\"500\" ><\/div><div data-popup=\"https:\/\/qualityhome.ee\/wp-content\/uploads\/2019\/06\/IMG_1385-e1560157942721.jpg\"  title=\"Vilmsi\"><\/div><div class=\"thumbnail-overlay\"><div class=\"wpapeIcons\"><i class=\"fa fa-search wpapeZoomIcon \" ><\/i><\/div><\/div><\/div><\/div><div class=\"wpape-img category583\" ><div class=\"wpape-img-image  wpape-lightbox\"  ><div data-thumbnail=\"https:\/\/qualityhome.ee\/wp-content\/uploads\/2019\/06\/IMG_0864-e1560157926328-500x500.jpg\" title=\"Tallinna Linnam\u00e4e Vene L\u00fctseum - Riser Ehitus O\u00dc\" data-width=\"500\" data-height=\"500\" ><\/div><div data-popup=\"https:\/\/qualityhome.ee\/wp-content\/uploads\/2019\/06\/IMG_0864-e1560157926328.jpg\"  title=\"Tallinna Linnam\u00e4e Vene L\u00fctseum - Riser Ehitus O\u00dc\"><\/div><div class=\"thumbnail-overlay\"><div class=\"wpapeIcons\"><i class=\"fa fa-search wpapeZoomIcon \" ><\/i><\/div><\/div><\/div><\/div><div class=\"wpape-img category583\" ><div class=\"wpape-img-image  wpape-lightbox\"  ><div data-thumbnail=\"https:\/\/qualityhome.ee\/wp-content\/uploads\/2019\/06\/IMG_0865-e1560157914646-500x500.jpg\" title=\"Tallinna Linnam\u00e4e Vene L\u00fctseum - Riser Ehitus O\u00dc\" data-width=\"500\" data-height=\"500\" ><\/div><div data-popup=\"https:\/\/qualityhome.ee\/wp-content\/uploads\/2019\/06\/IMG_0865-e1560157914646.jpg\"  title=\"Tallinna Linnam\u00e4e Vene L\u00fctseum - Riser Ehitus O\u00dc\"><\/div><div class=\"thumbnail-overlay\"><div class=\"wpapeIcons\"><i class=\"fa fa-search wpapeZoomIcon \" ><\/i><\/div><\/div><\/div><\/div><div class=\"wpape-img category583\" ><div class=\"wpape-img-image  wpape-lightbox\"  ><div data-thumbnail=\"https:\/\/qualityhome.ee\/wp-content\/uploads\/2019\/06\/IMG_0866-e1560157899206-500x500.jpg\" title=\"Tallinna Linnam\u00e4e Vene L\u00fctseum - Riser Ehitus O\u00dc\" data-width=\"500\" data-height=\"500\" ><\/div><div data-popup=\"https:\/\/qualityhome.ee\/wp-content\/uploads\/2019\/06\/IMG_0866-e1560157899206.jpg\"  title=\"Tallinna Linnam\u00e4e Vene L\u00fctseum - Riser Ehitus O\u00dc\"><\/div><div class=\"thumbnail-overlay\"><div class=\"wpapeIcons\"><i class=\"fa fa-search wpapeZoomIcon \" ><\/i><\/div><\/div><\/div><\/div><div class=\"wpape-img category583\" ><div class=\"wpape-img-image  wpape-lightbox\"  ><div data-thumbnail=\"https:\/\/qualityhome.ee\/wp-content\/uploads\/2019\/06\/IMG_3182-e1560157373676-500x500.jpg\" title=\"Eramaja Raplas\" data-width=\"500\" data-height=\"500\" ><\/div><div data-popup=\"https:\/\/qualityhome.ee\/wp-content\/uploads\/2019\/06\/IMG_3182-e1560157373676.jpg\"  title=\"Eramaja Raplas\"><\/div><div class=\"thumbnail-overlay\"><div class=\"wpapeIcons\"><i class=\"fa fa-search wpapeZoomIcon \" ><\/i><\/div><\/div><\/div><\/div><div class=\"wpape-img category583\" ><div class=\"wpape-img-image  wpape-lightbox\"  ><div data-thumbnail=\"https:\/\/qualityhome.ee\/wp-content\/uploads\/2019\/06\/IMG_8261-e1560156889122-500x500.jpg\" title=\"Tallink B\u00fcroohoone - AS Merko Ehitus Eesti\" data-width=\"500\" data-height=\"500\" ><\/div><div data-popup=\"https:\/\/qualityhome.ee\/wp-content\/uploads\/2019\/06\/IMG_8261-e1560156889122.jpg\"  title=\"Tallink B\u00fcroohoone - AS Merko Ehitus Eesti\"><\/div><div class=\"thumbnail-overlay\"><div class=\"wpapeIcons\"><i class=\"fa fa-search wpapeZoomIcon \" ><\/i><\/div><\/div><\/div><\/div><div class=\"wpape-img category583\" ><div class=\"wpape-img-image  wpape-lightbox\"  ><div data-thumbnail=\"https:\/\/qualityhome.ee\/wp-content\/uploads\/2019\/06\/IMG_8255-e1560156919295-500x500.jpg\" title=\"Tallink B\u00fcroohoone - AS Merko Ehitus Eesti\" data-width=\"500\" data-height=\"500\" ><\/div><div data-popup=\"https:\/\/qualityhome.ee\/wp-content\/uploads\/2019\/06\/IMG_8255-e1560156919295.jpg\"  title=\"Tallink B\u00fcroohoone - AS Merko Ehitus Eesti\"><\/div><div class=\"thumbnail-overlay\"><div class=\"wpapeIcons\"><i class=\"fa fa-search wpapeZoomIcon \" ><\/i><\/div><\/div><\/div><\/div><div class=\"wpape-img category583\" ><div class=\"wpape-img-image  wpape-lightbox\"  ><div data-thumbnail=\"https:\/\/qualityhome.ee\/wp-content\/uploads\/2019\/06\/IMG_8270-e1560156854874-500x500.jpg\" title=\"Tallink B\u00fcroohoone - AS Merko Ehitus Eesti\" data-width=\"500\" data-height=\"500\" ><\/div><div data-popup=\"https:\/\/qualityhome.ee\/wp-content\/uploads\/2019\/06\/IMG_8270-e1560156854874.jpg\"  title=\"Tallink B\u00fcroohoone - AS Merko Ehitus Eesti\"><\/div><div class=\"thumbnail-overlay\"><div class=\"wpapeIcons\"><i class=\"fa fa-search wpapeZoomIcon \" ><\/i><\/div><\/div><\/div><\/div><div class=\"wpape-img category583\" ><div class=\"wpape-img-image  wpape-lightbox\"  ><div data-thumbnail=\"https:\/\/qualityhome.ee\/wp-content\/uploads\/2019\/06\/IMG_8265-e1560156872721-500x500.jpg\" title=\"Tallink B\u00fcroohoone - AS Merko Ehitus Eesti\" data-width=\"500\" data-height=\"500\" ><\/div><div data-popup=\"https:\/\/qualityhome.ee\/wp-content\/uploads\/2019\/06\/IMG_8265-e1560156872721.jpg\"  title=\"Tallink B\u00fcroohoone - AS Merko Ehitus Eesti\"><\/div><div class=\"thumbnail-overlay\"><div class=\"wpapeIcons\"><i class=\"fa fa-search wpapeZoomIcon \" ><\/i><\/div><\/div><\/div><\/div><div class=\"wpape-img category583\" ><div class=\"wpape-img-image  wpape-lightbox\"  ><div data-thumbnail=\"https:\/\/qualityhome.ee\/wp-content\/uploads\/2019\/06\/IMG_8268-e1560156903304-500x500.jpg\" title=\"Tallink B\u00fcroohoone - AS Merko Ehitus Eesti\" data-width=\"500\" data-height=\"500\" ><\/div><div data-popup=\"https:\/\/qualityhome.ee\/wp-content\/uploads\/2019\/06\/IMG_8268-e1560156903304.jpg\"  title=\"Tallink B\u00fcroohoone - AS Merko Ehitus Eesti\"><\/div><div class=\"thumbnail-overlay\"><div class=\"wpapeIcons\"><i class=\"fa fa-search wpapeZoomIcon \" ><\/i><\/div><\/div><\/div><\/div><div class=\"wpape-img category583\" ><div class=\"wpape-img-image  wpape-lightbox\"  ><div data-thumbnail=\"https:\/\/qualityhome.ee\/wp-content\/uploads\/2019\/06\/p\u0161llu-1-10-500x500.jpg\" title=\"P\u00f5llu 1, Rapla\" data-width=\"500\" data-height=\"500\" ><\/div><div data-popup=\"https:\/\/qualityhome.ee\/wp-content\/uploads\/2019\/06\/p\u0161llu-1-10.jpg\"  title=\"P\u00f5llu 1, Rapla\"><\/div><div class=\"thumbnail-overlay\"><div class=\"wpapeIcons\"><i class=\"fa fa-search wpapeZoomIcon \" ><\/i><\/div><\/div><\/div><\/div><div class=\"wpape-img category583\" ><div class=\"wpape-img-image  wpape-lightbox\"  ><div data-thumbnail=\"https:\/\/qualityhome.ee\/wp-content\/uploads\/2019\/06\/p\u0161llu-1-12-500x500.jpg\" title=\"P\u00f5llu 1, Rapla\" data-width=\"500\" data-height=\"500\" ><\/div><div data-popup=\"https:\/\/qualityhome.ee\/wp-content\/uploads\/2019\/06\/p\u0161llu-1-12.jpg\"  title=\"P\u00f5llu 1, Rapla\"><\/div><div class=\"thumbnail-overlay\"><div class=\"wpapeIcons\"><i class=\"fa fa-search wpapeZoomIcon \" ><\/i><\/div><\/div><\/div><\/div><div class=\"wpape-img category583\" ><div class=\"wpape-img-image  wpape-lightbox\"  ><div data-thumbnail=\"https:\/\/qualityhome.ee\/wp-content\/uploads\/2019\/06\/p\u0161llu-1-15-500x500.jpg\" title=\"P\u00f5llu 1, Rapla\" data-width=\"500\" data-height=\"500\" ><\/div><div data-popup=\"https:\/\/qualityhome.ee\/wp-content\/uploads\/2019\/06\/p\u0161llu-1-15.jpg\"  title=\"P\u00f5llu 1, Rapla\"><\/div><div class=\"thumbnail-overlay\"><div class=\"wpapeIcons\"><i class=\"fa fa-search wpapeZoomIcon \" ><\/i><\/div><\/div><\/div><\/div><div class=\"wpape-img category583\" ><div class=\"wpape-img-image  wpape-lightbox\"  ><div data-thumbnail=\"https:\/\/qualityhome.ee\/wp-content\/uploads\/2019\/06\/IMG_3170-e1560157329322-500x500.jpg\" title=\"\" data-width=\"500\" data-height=\"500\" ><\/div><div data-popup=\"https:\/\/qualityhome.ee\/wp-content\/uploads\/2019\/06\/IMG_3170-e1560157329322.jpg\"  title=\"\"><\/div><div class=\"thumbnail-overlay\"><div class=\"wpapeIcons\"><i class=\"fa fa-search wpapeZoomIcon \" ><\/i><\/div><\/div><\/div><\/div><div class=\"wpape-img category583\" ><div class=\"wpape-img-image  wpape-lightbox\"  ><div data-thumbnail=\"https:\/\/qualityhome.ee\/wp-content\/uploads\/2019\/06\/IMG_2895-e1560157633332-500x500.jpg\" title=\"\" data-width=\"500\" data-height=\"500\" ><\/div><div data-popup=\"https:\/\/qualityhome.ee\/wp-content\/uploads\/2019\/06\/IMG_2895-e1560157633332.jpg\"  title=\"\"><\/div><div class=\"thumbnail-overlay\"><div class=\"wpapeIcons\"><i class=\"fa fa-search wpapeZoomIcon \" ><\/i><\/div><\/div><\/div><\/div><div class=\"wpape-img category583\" ><div class=\"wpape-img-image  wpape-lightbox\"  ><div data-thumbnail=\"https:\/\/qualityhome.ee\/wp-content\/uploads\/2019\/06\/IMG_3176-e1560157349125-500x500.jpg\" title=\"\" data-width=\"500\" data-height=\"500\" ><\/div><div data-popup=\"https:\/\/qualityhome.ee\/wp-content\/uploads\/2019\/06\/IMG_3176-e1560157349125.jpg\"  title=\"\"><\/div><div class=\"thumbnail-overlay\"><div class=\"wpapeIcons\"><i class=\"fa fa-search wpapeZoomIcon \" ><\/i><\/div><\/div><\/div><\/div><div class=\"wpape-img category583\" ><div class=\"wpape-img-image  wpape-lightbox\"  ><div data-thumbnail=\"https:\/\/qualityhome.ee\/wp-content\/uploads\/2019\/06\/IMG_4698-500x500.jpg\" title=\"\u00d6piku B\u00fcroohoone - AS Merko Ehitus Eesti\" data-width=\"500\" data-height=\"500\" ><\/div><div data-popup=\"https:\/\/qualityhome.ee\/wp-content\/uploads\/2019\/06\/IMG_4698.jpg\"  title=\"\u00d6piku B\u00fcroohoone - AS Merko Ehitus Eesti\"><\/div><div class=\"thumbnail-overlay\"><div class=\"wpapeIcons\"><i class=\"fa fa-search wpapeZoomIcon \" ><\/i><\/div><\/div><\/div><\/div><div class=\"wpape-img category583\" ><div class=\"wpape-img-image  wpape-lightbox\"  ><div data-thumbnail=\"https:\/\/qualityhome.ee\/wp-content\/uploads\/2019\/06\/IMG_7228-e1560157012542-500x500.jpg\" title=\"Toomkuninga 21 - AS Merko Ehitus Eesti\" data-width=\"500\" data-height=\"500\" ><\/div><div data-popup=\"https:\/\/qualityhome.ee\/wp-content\/uploads\/2019\/06\/IMG_7228-e1560157012542.jpg\"  title=\"Toomkuninga 21 - AS Merko Ehitus Eesti\"><\/div><div class=\"thumbnail-overlay\"><div class=\"wpapeIcons\"><i class=\"fa fa-search wpapeZoomIcon \" ><\/i><\/div><\/div><\/div><\/div><div class=\"wpape-img category583\" ><div class=\"wpape-img-image  wpape-lightbox\"  ><div data-thumbnail=\"https:\/\/qualityhome.ee\/wp-content\/uploads\/2019\/06\/IMG_5256-e1560157402133-500x500.jpg\" title=\"Algi 59 - YIT Eesti AS\" data-width=\"500\" data-height=\"500\" ><\/div><div data-popup=\"https:\/\/qualityhome.ee\/wp-content\/uploads\/2019\/06\/IMG_5256-e1560157402133.jpg\"  title=\"Algi 59 - YIT Eesti AS\"><\/div><div class=\"thumbnail-overlay\"><div class=\"wpapeIcons\"><i class=\"fa fa-search wpapeZoomIcon \" ><\/i><\/div><\/div><\/div><\/div><div class=\"wpape-img category583\" ><div class=\"wpape-img-image  wpape-lightbox\"  ><div data-thumbnail=\"https:\/\/qualityhome.ee\/wp-content\/uploads\/2019\/06\/IMG_8554-e1560161099129-500x500.jpg\" title=\"Kiikri A - Kiikri Ehitus O\u00dc\" data-width=\"500\" data-height=\"500\" ><\/div><div data-popup=\"https:\/\/qualityhome.ee\/wp-content\/uploads\/2019\/06\/IMG_8554-e1560161099129.jpg\"  title=\"Kiikri A - Kiikri Ehitus O\u00dc\"><\/div><div class=\"thumbnail-overlay\"><div class=\"wpapeIcons\"><i class=\"fa fa-search wpapeZoomIcon \" ><\/i><\/div><\/div><\/div><\/div><div class=\"wpape-img category583\" ><div class=\"wpape-img-image  wpape-lightbox\"  ><div data-thumbnail=\"https:\/\/qualityhome.ee\/wp-content\/uploads\/2019\/06\/IMG_5562-e1560157387731-500x500.jpg\" title=\"Kiikri B - Kiikri Ehitus O\u00dc\" data-width=\"500\" data-height=\"500\" ><\/div><div data-popup=\"https:\/\/qualityhome.ee\/wp-content\/uploads\/2019\/06\/IMG_5562-e1560157387731.jpg\"  title=\"Kiikri B - Kiikri Ehitus O\u00dc\"><\/div><div class=\"thumbnail-overlay\"><div class=\"wpapeIcons\"><i class=\"fa fa-search wpapeZoomIcon \" ><\/i><\/div><\/div><\/div><\/div><div class=\"wpape-img category583\" ><div class=\"wpape-img-image  wpape-lightbox\"  ><div data-thumbnail=\"https:\/\/qualityhome.ee\/wp-content\/uploads\/2019\/06\/IMG_0542-e1560157675677-500x500.jpg\" title=\"ORV 34, Oslo\" data-width=\"500\" data-height=\"500\" ><\/div><div data-popup=\"https:\/\/qualityhome.ee\/wp-content\/uploads\/2019\/06\/IMG_0542-e1560157675677.jpg\"  title=\"ORV 34, Oslo\"><\/div><div class=\"thumbnail-overlay\"><div class=\"wpapeIcons\"><i class=\"fa fa-search wpapeZoomIcon \" ><\/i><\/div><\/div><\/div><\/div><div class=\"wpape-img category583\" ><div class=\"wpape-img-image  wpape-lightbox\"  ><div data-thumbnail=\"https:\/\/qualityhome.ee\/wp-content\/uploads\/2019\/06\/IMG_0546-e1560157663493-500x500.jpg\" title=\"ORV 34, Oslo\" data-width=\"500\" data-height=\"500\" ><\/div><div data-popup=\"https:\/\/qualityhome.ee\/wp-content\/uploads\/2019\/06\/IMG_0546-e1560157663493.jpg\"  title=\"ORV 34, Oslo\"><\/div><div class=\"thumbnail-overlay\"><div class=\"wpapeIcons\"><i class=\"fa fa-search wpapeZoomIcon \" ><\/i><\/div><\/div><\/div><\/div><div class=\"wpape-img category583\" ><div class=\"wpape-img-image  wpape-lightbox\"  ><div data-thumbnail=\"https:\/\/qualityhome.ee\/wp-content\/uploads\/2019\/06\/IMG_7739-500x500.jpg\" title=\"Hansa tee - YIT Eesti AS\" data-width=\"500\" data-height=\"500\" ><\/div><div data-popup=\"https:\/\/qualityhome.ee\/wp-content\/uploads\/2019\/06\/IMG_7739.jpg\"  title=\"Hansa tee - YIT Eesti AS\"><\/div><div class=\"thumbnail-overlay\"><div class=\"wpapeIcons\"><i class=\"fa fa-search wpapeZoomIcon \" ><\/i><\/div><\/div><\/div><\/div><div class=\"wpape-img category583\" ><div class=\"wpape-img-image  wpape-lightbox\"  ><div data-thumbnail=\"https:\/\/qualityhome.ee\/wp-content\/uploads\/2019\/07\/IMG_9114-e1562310683726-500x500.jpg\" title=\"Muraste kool - Vanalinna Ehitus O\u00dc\" data-width=\"500\" data-height=\"500\" ><\/div><div data-popup=\"https:\/\/qualityhome.ee\/wp-content\/uploads\/2019\/07\/IMG_9114-e1562310683726.jpg\"  title=\"Muraste kool - Vanalinna Ehitus O\u00dc\"><\/div><div class=\"thumbnail-overlay\"><div class=\"wpapeIcons\"><i class=\"fa fa-search wpapeZoomIcon \" ><\/i><\/div><\/div><\/div><\/div><div class=\"wpape-img category583\" ><div class=\"wpape-img-image  wpape-lightbox\"  ><div data-thumbnail=\"https:\/\/qualityhome.ee\/wp-content\/uploads\/2019\/07\/IMG_9111-500x500.jpg\" title=\"Muraste kool - Vanalinna Ehitus O\u00dc\" data-width=\"500\" data-height=\"500\" ><\/div><div data-popup=\"https:\/\/qualityhome.ee\/wp-content\/uploads\/2019\/07\/IMG_9111.jpg\"  title=\"Muraste kool - Vanalinna Ehitus O\u00dc\"><\/div><div class=\"thumbnail-overlay\"><div class=\"wpapeIcons\"><i class=\"fa fa-search wpapeZoomIcon \" ><\/i><\/div><\/div><\/div><\/div><div class=\"wpape-img category583\" ><div class=\"wpape-img-image  wpape-lightbox\"  ><div data-thumbnail=\"https:\/\/qualityhome.ee\/wp-content\/uploads\/2019\/07\/IMG_9109-500x500.jpg\" title=\"Muraste kool - Vanalinna Ehitus O\u00dc\" data-width=\"500\" data-height=\"500\" ><\/div><div data-popup=\"https:\/\/qualityhome.ee\/wp-content\/uploads\/2019\/07\/IMG_9109.jpg\"  title=\"Muraste kool - Vanalinna Ehitus O\u00dc\"><\/div><div class=\"thumbnail-overlay\"><div class=\"wpapeIcons\"><i class=\"fa fa-search wpapeZoomIcon \" ><\/i><\/div><\/div><\/div><\/div><\/div><\/div><script>var wpape_gallery_69e0e797ca31d = {\"filterContainer\": \"#wpape_gallery_69e0e797ca31dfilter\", \"touch\": 1, \"columns\": 3, \"columnWidth\": \"auto\", \"resolutions\": [{\"columnWidth\": \"auto\" , \"columns\":3 , \"maxWidth\": 960} , {\"columnWidth\": \"auto\" , \"columns\":2 , \"maxWidth\": 650} , {\"columnWidth\": \"auto\" , \"columns\":1 , \"maxWidth\": 450}], \"overlayEffect\": \"direction-aware-fade\", \"boxesToLoadStart\": \"20\", \"boxesToLoad\": \"20\", \"lazyLoad\": true, \"LoadingWord\": \"Gallery images loading\", \"loadMoreWord\": \"More images\", \"noMoreEntriesWord\": \"No images\", \"loadMoreClass\": \" apebtn apebtn-flat apebtn-primary \", \"horizontalSpaceBetweenBoxes\": 15, \"verticalSpaceBetweenBoxes\": 15}, wpape_gallery_69e0e797ca31d_css = \"body .mfp-ready.mfp-bg{background-color: rgba(11, 11, 11, 0.8);}.mfp-container .mfp-arrow{display:none;}#wpape_gallery_69e0e797ca31d .wpape-img-container{ -webkit-border-radius: 0px;-moz-border-radius: 0px;border-radius: 0px;}#wpape_gallery_69e0e797ca31d .thumbnail-overlay{background:rgba(0, 155, 255, 0.5);}#wpape_gallery_69e0e797ca31d .wpapeLinkIcon{ font-size:22px; line-height:88%; color:rgb(255, 255, 255);background:rgba(0, 0, 0, 0);}#wpape_gallery_69e0e797ca31d .wpapeLinkIcon:hover{color:rgb(255, 255, 255);background:rgba(0, 0, 0, 0);}#wpape_gallery_69e0e797ca31d .wpapeZoomIcon{ font-size:40px; line-height:88%; color:rgb(255, 255, 255);background:rgba(0, 0, 0, 0);}#wpape_gallery_69e0e797ca31d .wpapeZoomIcon:hover{color:rgb(255, 255, 255);background:rgba(0, 0, 0, 0);}#wpape_gallery_69e0e797ca31d .image-with-dimensions{background-color: rgb(255, 255, 255);}body .mfp-title, body .mfp-counter{color: rgb(243, 243, 243);}\",apeGalleryDelay = 0; head = document.head || document.getElementsByTagName(\"head\")[0], style = document.createElement(\"style\"); style.type = \"text\/css\"; if (style.styleSheet) style.styleSheet.cssText = wpape_gallery_69e0e797ca31d_css; \telse  style.appendChild(document.createTextNode(wpape_gallery_69e0e797ca31d_css)); head.appendChild(style);<\/script>\n","protected":false},"excerpt":{"rendered":"<p>COMPLETED WORKS &#8211; 2018<\/p>\n","protected":false},"author":1,"featured_media":0,"parent":842,"menu_order":0,"comment_status":"closed","ping_status":"closed","template":"","meta":{"footnotes":""},"class_list":["post-886","page","type-page","status-publish","hentry"],"yoast_head":"<!-- This site is optimized with the Yoast SEO plugin v27.4 - https:\/\/yoast.com\/product\/yoast-seo-wordpress\/ -->\n<title>2018 - QualityHome<\/title>\n<meta name=\"robots\" content=\"index, follow, max-snippet:-1, max-image-preview:large, max-video-preview:-1\" \/>\n<link rel=\"canonical\" href=\"https:\/\/qualityhome.ee\/en\/completed-works\/2018-2\/\" \/>\n<meta property=\"og:locale\" content=\"en_US\" \/>\n<meta property=\"og:type\" content=\"article\" \/>\n<meta property=\"og:title\" content=\"2018 - QualityHome\" \/>\n<meta property=\"og:description\" content=\"COMPLETED WORKS &#8211; 2018\" \/>\n<meta property=\"og:url\" content=\"https:\/\/qualityhome.ee\/en\/completed-works\/2018-2\/\" \/>\n<meta property=\"og:site_name\" content=\"QualityHome\" \/>\n<meta property=\"article:modified_time\" content=\"2020-05-14T21:58:28+00:00\" \/>\n<meta name=\"twitter:card\" content=\"summary_large_image\" \/>\n<script type=\"application\/ld+json\" class=\"yoast-schema-graph\">{\"@context\":\"https:\\\/\\\/schema.org\",\"@graph\":[{\"@type\":\"WebPage\",\"@id\":\"https:\\\/\\\/qualityhome.ee\\\/en\\\/completed-works\\\/2018-2\\\/\",\"url\":\"https:\\\/\\\/qualityhome.ee\\\/en\\\/completed-works\\\/2018-2\\\/\",\"name\":\"2018 - QualityHome\",\"isPartOf\":{\"@id\":\"https:\\\/\\\/qualityhome.ee\\\/en\\\/#website\"},\"datePublished\":\"2019-06-22T23:30:17+00:00\",\"dateModified\":\"2020-05-14T21:58:28+00:00\",\"breadcrumb\":{\"@id\":\"https:\\\/\\\/qualityhome.ee\\\/en\\\/completed-works\\\/2018-2\\\/#breadcrumb\"},\"inLanguage\":\"en-US\",\"potentialAction\":[{\"@type\":\"ReadAction\",\"target\":[\"https:\\\/\\\/qualityhome.ee\\\/en\\\/completed-works\\\/2018-2\\\/\"]}]},{\"@type\":\"BreadcrumbList\",\"@id\":\"https:\\\/\\\/qualityhome.ee\\\/en\\\/completed-works\\\/2018-2\\\/#breadcrumb\",\"itemListElement\":[{\"@type\":\"ListItem\",\"position\":1,\"name\":\"Home\",\"item\":\"https:\\\/\\\/qualityhome.ee\\\/en\\\/\"},{\"@type\":\"ListItem\",\"position\":2,\"name\":\"Completed works\",\"item\":\"https:\\\/\\\/qualityhome.ee\\\/en\\\/completed-works\\\/\"},{\"@type\":\"ListItem\",\"position\":3,\"name\":\"2018\"}]},{\"@type\":\"WebSite\",\"@id\":\"https:\\\/\\\/qualityhome.ee\\\/en\\\/#website\",\"url\":\"https:\\\/\\\/qualityhome.ee\\\/en\\\/\",\"name\":\"QualityHome\",\"description\":\"Kvaliteetsed siseviimistlus- ja v\u00e4lisviimistlusteenused koju v\u00f5i kontorisse.\",\"potentialAction\":[{\"@type\":\"SearchAction\",\"target\":{\"@type\":\"EntryPoint\",\"urlTemplate\":\"https:\\\/\\\/qualityhome.ee\\\/en\\\/?s={search_term_string}\"},\"query-input\":{\"@type\":\"PropertyValueSpecification\",\"valueRequired\":true,\"valueName\":\"search_term_string\"}}],\"inLanguage\":\"en-US\"}]}<\/script>\n<!-- \/ Yoast SEO plugin. -->","yoast_head_json":{"title":"2018 - QualityHome","robots":{"index":"index","follow":"follow","max-snippet":"max-snippet:-1","max-image-preview":"max-image-preview:large","max-video-preview":"max-video-preview:-1"},"canonical":"https:\/\/qualityhome.ee\/en\/completed-works\/2018-2\/","og_locale":"en_US","og_type":"article","og_title":"2018 - QualityHome","og_description":"COMPLETED WORKS &#8211; 2018","og_url":"https:\/\/qualityhome.ee\/en\/completed-works\/2018-2\/","og_site_name":"QualityHome","article_modified_time":"2020-05-14T21:58:28+00:00","twitter_card":"summary_large_image","schema":{"@context":"https:\/\/schema.org","@graph":[{"@type":"WebPage","@id":"https:\/\/qualityhome.ee\/en\/completed-works\/2018-2\/","url":"https:\/\/qualityhome.ee\/en\/completed-works\/2018-2\/","name":"2018 - QualityHome","isPartOf":{"@id":"https:\/\/qualityhome.ee\/en\/#website"},"datePublished":"2019-06-22T23:30:17+00:00","dateModified":"2020-05-14T21:58:28+00:00","breadcrumb":{"@id":"https:\/\/qualityhome.ee\/en\/completed-works\/2018-2\/#breadcrumb"},"inLanguage":"en-US","potentialAction":[{"@type":"ReadAction","target":["https:\/\/qualityhome.ee\/en\/completed-works\/2018-2\/"]}]},{"@type":"BreadcrumbList","@id":"https:\/\/qualityhome.ee\/en\/completed-works\/2018-2\/#breadcrumb","itemListElement":[{"@type":"ListItem","position":1,"name":"Home","item":"https:\/\/qualityhome.ee\/en\/"},{"@type":"ListItem","position":2,"name":"Completed works","item":"https:\/\/qualityhome.ee\/en\/completed-works\/"},{"@type":"ListItem","position":3,"name":"2018"}]},{"@type":"WebSite","@id":"https:\/\/qualityhome.ee\/en\/#website","url":"https:\/\/qualityhome.ee\/en\/","name":"QualityHome","description":"Kvaliteetsed siseviimistlus- ja v\u00e4lisviimistlusteenused koju v\u00f5i kontorisse.","potentialAction":[{"@type":"SearchAction","target":{"@type":"EntryPoint","urlTemplate":"https:\/\/qualityhome.ee\/en\/?s={search_term_string}"},"query-input":{"@type":"PropertyValueSpecification","valueRequired":true,"valueName":"search_term_string"}}],"inLanguage":"en-US"}]}},"_links":{"self":[{"href":"https:\/\/qualityhome.ee\/en\/wp-json\/wp\/v2\/pages\/886","targetHints":{"allow":["GET"]}}],"collection":[{"href":"https:\/\/qualityhome.ee\/en\/wp-json\/wp\/v2\/pages"}],"about":[{"href":"https:\/\/qualityhome.ee\/en\/wp-json\/wp\/v2\/types\/page"}],"author":[{"embeddable":true,"href":"https:\/\/qualityhome.ee\/en\/wp-json\/wp\/v2\/users\/1"}],"replies":[{"embeddable":true,"href":"https:\/\/qualityhome.ee\/en\/wp-json\/wp\/v2\/comments?post=886"}],"version-history":[{"count":1,"href":"https:\/\/qualityhome.ee\/en\/wp-json\/wp\/v2\/pages\/886\/revisions"}],"predecessor-version":[{"id":995,"href":"https:\/\/qualityhome.ee\/en\/wp-json\/wp\/v2\/pages\/886\/revisions\/995"}],"up":[{"embeddable":true,"href":"https:\/\/qualityhome.ee\/en\/wp-json\/wp\/v2\/pages\/842"}],"wp:attachment":[{"href":"https:\/\/qualityhome.ee\/en\/wp-json\/wp\/v2\/media?parent=886"}],"curies":[{"name":"wp","href":"https:\/\/api.w.org\/{rel}","templated":true}]}}